{"id":2740,"date":"2026-04-14T13:44:26","date_gmt":"2026-04-14T11:44:26","guid":{"rendered":"https:\/\/romagnomarmi.com\/?post_type=product&#038;p=2740"},"modified":"2026-04-14T15:28:24","modified_gmt":"2026-04-14T13:28:24","slug":"tilt","status":"publish","type":"product","link":"https:\/\/romagnomarmi.com\/en\/product\/tilt\/","title":{"rendered":"TILT"},"content":{"rendered":"<p>TILT nasce dall\u2019osservazione della forza pi\u00f9 invisibile e costante: la gravit\u00e0. \u00c8 lei che guida il movimento dell\u2019acqua, che ne determina il flusso, che modella la materia nel tempo. La forma inclinata del lavabo traduce questo principio in progetto: un equilibrio controllato, in cui il volume sembra cedere leggermente, seguendo una direzione naturale. La pietra, solida estabile, viene reinterpretata in una configurazione dinamica, come se fosse sospesa in un istante di trasformazione. TILT \u00e8 la sintesi tra peso e leggerezza, tra stabilit\u00e0 e movimento: un oggetto che rende visibile la forza che normalmente non si vede, ma che definisce ogni gesto.<\/p>","protected":false},"excerpt":{"rendered":"<p>TILT nasce dall\u2019osservazione della forza pi\u00f9 invisibile e costante: la gravit\u00e0.<\/p>","protected":false},"featured_media":2781,"comment_status":"open","ping_status":"closed","template":"","meta":{"_acf_changed":false},"product_brand":[],"product_cat":[45,77],"product_tag":[],"class_list":{"0":"post-2740","1":"product","2":"type-product","3":"status-publish","4":"has-post-thumbnail","6":"product_cat-design-collection","7":"product_cat-washbasins-2026","9":"first","10":"instock","11":"shipping-taxable","12":"product-type-simple"},"acf":[],"yoast_head":"<!-- This site is optimized with the Yoast SEO plugin v27.4 - https:\/\/yoast.com\/product\/yoast-seo-wordpress\/ -->\n<title>TILT - Romagno Marmi<\/title>\n<meta name=\"robots\" content=\"index, follow, max-snippet:-1, max-image-preview:large, max-video-preview:-1\" \/>\n<link rel=\"canonical\" href=\"https:\/\/romagnomarmi.com\/en\/product\/tilt\/\" \/>\n<meta property=\"og:locale\" content=\"en_GB\" \/>\n<meta property=\"og:type\" content=\"article\" \/>\n<meta property=\"og:title\" content=\"TILT - Romagno Marmi\" \/>\n<meta property=\"og:description\" content=\"TILT nasce dall\u2019osservazione della forza pi\u00f9 invisibile e costante: la gravit\u00e0.\" \/>\n<meta property=\"og:url\" content=\"https:\/\/romagnomarmi.com\/en\/product\/tilt\/\" \/>\n<meta property=\"og:site_name\" content=\"Romagno Marmi\" \/>\n<meta property=\"article:publisher\" content=\"https:\/\/www.facebook.com\/romagnomarmi\" \/>\n<meta property=\"article:modified_time\" content=\"2026-04-14T13:28:24+00:00\" \/>\n<meta property=\"og:image\" content=\"https:\/\/romagnomarmi.com\/wp-content\/uploads\/2026\/04\/TILT.jpg\" \/>\n\t<meta property=\"og:image:width\" content=\"1400\" \/>\n\t<meta property=\"og:image:height\" content=\"954\" \/>\n\t<meta property=\"og:image:type\" content=\"image\/jpeg\" \/>\n<meta name=\"twitter:card\" content=\"summary_large_image\" \/>\n<meta name=\"twitter:label1\" content=\"Estimated reading time\" \/>\n\t<meta name=\"twitter:data1\" content=\"1 minute\" \/>\n<script type=\"application\/ld+json\" class=\"yoast-schema-graph\">{\"@context\":\"https:\\\/\\\/schema.org\",\"@graph\":[{\"@type\":\"WebPage\",\"@id\":\"https:\\\/\\\/romagnomarmi.com\\\/prodotto\\\/tilt\\\/\",\"url\":\"https:\\\/\\\/romagnomarmi.com\\\/prodotto\\\/tilt\\\/\",\"name\":\"TILT - Romagno Marmi\",\"isPartOf\":{\"@id\":\"https:\\\/\\\/romagnomarmi.com\\\/#website\"},\"primaryImageOfPage\":{\"@id\":\"https:\\\/\\\/romagnomarmi.com\\\/prodotto\\\/tilt\\\/#primaryimage\"},\"image\":{\"@id\":\"https:\\\/\\\/romagnomarmi.com\\\/prodotto\\\/tilt\\\/#primaryimage\"},\"thumbnailUrl\":\"https:\\\/\\\/romagnomarmi.com\\\/wp-content\\\/uploads\\\/2026\\\/04\\\/TILT.jpg\",\"datePublished\":\"2026-04-14T11:44:26+00:00\",\"dateModified\":\"2026-04-14T13:28:24+00:00\",\"breadcrumb\":{\"@id\":\"https:\\\/\\\/romagnomarmi.com\\\/prodotto\\\/tilt\\\/#breadcrumb\"},\"inLanguage\":\"en-GB\",\"potentialAction\":[{\"@type\":\"ReadAction\",\"target\":[\"https:\\\/\\\/romagnomarmi.com\\\/prodotto\\\/tilt\\\/\"]}]},{\"@type\":\"ImageObject\",\"inLanguage\":\"en-GB\",\"@id\":\"https:\\\/\\\/romagnomarmi.com\\\/prodotto\\\/tilt\\\/#primaryimage\",\"url\":\"https:\\\/\\\/romagnomarmi.com\\\/wp-content\\\/uploads\\\/2026\\\/04\\\/TILT.jpg\",\"contentUrl\":\"https:\\\/\\\/romagnomarmi.com\\\/wp-content\\\/uploads\\\/2026\\\/04\\\/TILT.jpg\",\"width\":1400,\"height\":954},{\"@type\":\"BreadcrumbList\",\"@id\":\"https:\\\/\\\/romagnomarmi.com\\\/prodotto\\\/tilt\\\/#breadcrumb\",\"itemListElement\":[{\"@type\":\"ListItem\",\"position\":1,\"name\":\"Home\",\"item\":\"https:\\\/\\\/romagnomarmi.com\\\/\"},{\"@type\":\"ListItem\",\"position\":2,\"name\":\"Products\",\"item\":\"https:\\\/\\\/romagnomarmi.com\\\/en\\\/shop\\\/\"},{\"@type\":\"ListItem\",\"position\":3,\"name\":\"TILT\"}]},{\"@type\":\"WebSite\",\"@id\":\"https:\\\/\\\/romagnomarmi.com\\\/#website\",\"url\":\"https:\\\/\\\/romagnomarmi.com\\\/\",\"name\":\"Romagno Marmi\",\"description\":\"Leader nella produzione di arredi in marmo\",\"publisher\":{\"@id\":\"https:\\\/\\\/romagnomarmi.com\\\/#organization\"},\"potentialAction\":[{\"@type\":\"SearchAction\",\"target\":{\"@type\":\"EntryPoint\",\"urlTemplate\":\"https:\\\/\\\/romagnomarmi.com\\\/?s={search_term_string}\"},\"query-input\":{\"@type\":\"PropertyValueSpecification\",\"valueRequired\":true,\"valueName\":\"search_term_string\"}}],\"inLanguage\":\"en-GB\"},{\"@type\":\"Organization\",\"@id\":\"https:\\\/\\\/romagnomarmi.com\\\/#organization\",\"name\":\"Romagno Marmi\",\"url\":\"https:\\\/\\\/romagnomarmi.com\\\/\",\"logo\":{\"@type\":\"ImageObject\",\"inLanguage\":\"en-GB\",\"@id\":\"https:\\\/\\\/romagnomarmi.com\\\/#\\\/schema\\\/logo\\\/image\\\/\",\"url\":\"https:\\\/\\\/romagnomarmi.com\\\/wp-content\\\/uploads\\\/2023\\\/03\\\/cropped-romagno-LOGO.png\",\"contentUrl\":\"https:\\\/\\\/romagnomarmi.com\\\/wp-content\\\/uploads\\\/2023\\\/03\\\/cropped-romagno-LOGO.png\",\"width\":1552,\"height\":340,\"caption\":\"Romagno Marmi\"},\"image\":{\"@id\":\"https:\\\/\\\/romagnomarmi.com\\\/#\\\/schema\\\/logo\\\/image\\\/\"},\"sameAs\":[\"https:\\\/\\\/www.facebook.com\\\/romagnomarmi\",\"https:\\\/\\\/www.instagram.com\\\/romagnomarmi\\\/\"]}]}<\/script>\n<!-- \/ Yoast SEO plugin. -->","yoast_head_json":{"title":"TILT - Romagno Marmi","robots":{"index":"index","follow":"follow","max-snippet":"max-snippet:-1","max-image-preview":"max-image-preview:large","max-video-preview":"max-video-preview:-1"},"canonical":"https:\/\/romagnomarmi.com\/en\/product\/tilt\/","og_locale":"en_GB","og_type":"article","og_title":"TILT - Romagno Marmi","og_description":"TILT nasce dall\u2019osservazione della forza pi\u00f9 invisibile e costante: la gravit\u00e0.","og_url":"https:\/\/romagnomarmi.com\/en\/product\/tilt\/","og_site_name":"Romagno Marmi","article_publisher":"https:\/\/www.facebook.com\/romagnomarmi","article_modified_time":"2026-04-14T13:28:24+00:00","og_image":[{"width":1400,"height":954,"url":"https:\/\/romagnomarmi.com\/wp-content\/uploads\/2026\/04\/TILT.jpg","type":"image\/jpeg"}],"twitter_card":"summary_large_image","twitter_misc":{"Estimated reading time":"1 minute"},"schema":{"@context":"https:\/\/schema.org","@graph":[{"@type":"WebPage","@id":"https:\/\/romagnomarmi.com\/prodotto\/tilt\/","url":"https:\/\/romagnomarmi.com\/prodotto\/tilt\/","name":"TILT - Romagno Marmi","isPartOf":{"@id":"https:\/\/romagnomarmi.com\/#website"},"primaryImageOfPage":{"@id":"https:\/\/romagnomarmi.com\/prodotto\/tilt\/#primaryimage"},"image":{"@id":"https:\/\/romagnomarmi.com\/prodotto\/tilt\/#primaryimage"},"thumbnailUrl":"https:\/\/romagnomarmi.com\/wp-content\/uploads\/2026\/04\/TILT.jpg","datePublished":"2026-04-14T11:44:26+00:00","dateModified":"2026-04-14T13:28:24+00:00","breadcrumb":{"@id":"https:\/\/romagnomarmi.com\/prodotto\/tilt\/#breadcrumb"},"inLanguage":"en-GB","potentialAction":[{"@type":"ReadAction","target":["https:\/\/romagnomarmi.com\/prodotto\/tilt\/"]}]},{"@type":"ImageObject","inLanguage":"en-GB","@id":"https:\/\/romagnomarmi.com\/prodotto\/tilt\/#primaryimage","url":"https:\/\/romagnomarmi.com\/wp-content\/uploads\/2026\/04\/TILT.jpg","contentUrl":"https:\/\/romagnomarmi.com\/wp-content\/uploads\/2026\/04\/TILT.jpg","width":1400,"height":954},{"@type":"BreadcrumbList","@id":"https:\/\/romagnomarmi.com\/prodotto\/tilt\/#breadcrumb","itemListElement":[{"@type":"ListItem","position":1,"name":"Home","item":"https:\/\/romagnomarmi.com\/"},{"@type":"ListItem","position":2,"name":"Products","item":"https:\/\/romagnomarmi.com\/en\/shop\/"},{"@type":"ListItem","position":3,"name":"TILT"}]},{"@type":"WebSite","@id":"https:\/\/romagnomarmi.com\/#website","url":"https:\/\/romagnomarmi.com\/","name":"Romagno Marmi","description":"Leader nella produzione di arredi in marmo","publisher":{"@id":"https:\/\/romagnomarmi.com\/#organization"},"potentialAction":[{"@type":"SearchAction","target":{"@type":"EntryPoint","urlTemplate":"https:\/\/romagnomarmi.com\/?s={search_term_string}"},"query-input":{"@type":"PropertyValueSpecification","valueRequired":true,"valueName":"search_term_string"}}],"inLanguage":"en-GB"},{"@type":"Organization","@id":"https:\/\/romagnomarmi.com\/#organization","name":"Romagno Marmi","url":"https:\/\/romagnomarmi.com\/","logo":{"@type":"ImageObject","inLanguage":"en-GB","@id":"https:\/\/romagnomarmi.com\/#\/schema\/logo\/image\/","url":"https:\/\/romagnomarmi.com\/wp-content\/uploads\/2023\/03\/cropped-romagno-LOGO.png","contentUrl":"https:\/\/romagnomarmi.com\/wp-content\/uploads\/2023\/03\/cropped-romagno-LOGO.png","width":1552,"height":340,"caption":"Romagno Marmi"},"image":{"@id":"https:\/\/romagnomarmi.com\/#\/schema\/logo\/image\/"},"sameAs":["https:\/\/www.facebook.com\/romagnomarmi","https:\/\/www.instagram.com\/romagnomarmi\/"]}]}},"_links":{"self":[{"href":"https:\/\/romagnomarmi.com\/en\/wp-json\/wp\/v2\/product\/2740","targetHints":{"allow":["GET"]}}],"collection":[{"href":"https:\/\/romagnomarmi.com\/en\/wp-json\/wp\/v2\/product"}],"about":[{"href":"https:\/\/romagnomarmi.com\/en\/wp-json\/wp\/v2\/types\/product"}],"replies":[{"embeddable":true,"href":"https:\/\/romagnomarmi.com\/en\/wp-json\/wp\/v2\/comments?post=2740"}],"wp:featuredmedia":[{"embeddable":true,"href":"https:\/\/romagnomarmi.com\/en\/wp-json\/wp\/v2\/media\/2781"}],"wp:attachment":[{"href":"https:\/\/romagnomarmi.com\/en\/wp-json\/wp\/v2\/media?parent=2740"}],"wp:term":[{"taxonomy":"product_brand","embeddable":true,"href":"https:\/\/romagnomarmi.com\/en\/wp-json\/wp\/v2\/product_brand?post=2740"},{"taxonomy":"product_cat","embeddable":true,"href":"https:\/\/romagnomarmi.com\/en\/wp-json\/wp\/v2\/product_cat?post=2740"},{"taxonomy":"product_tag","embeddable":true,"href":"https:\/\/romagnomarmi.com\/en\/wp-json\/wp\/v2\/product_tag?post=2740"}],"curies":[{"name":"wp","href":"https:\/\/api.w.org\/{rel}","templated":true}]}}