{"id":2531,"date":"2024-04-09T15:39:27","date_gmt":"2024-04-09T13:39:27","guid":{"rendered":"https:\/\/romagnomarmi.com\/?post_type=product&#038;p=2531"},"modified":"2025-04-03T12:32:51","modified_gmt":"2025-04-03T10:32:51","slug":"cucu","status":"publish","type":"product","link":"https:\/\/romagnomarmi.com\/en\/product\/cucu\/","title":{"rendered":"Cuc\u00f9"},"content":{"rendered":"<p>Omaggio al cuc\u00f9, l\u2019orologio pi\u00f9 iconico che sia stato ideato. Cuc\u00f9 \u00e8 un orologio a cuc\u00f9 ridotto ai minimi termini: la silhouette dell\u2019uccellino traforata nel marmo, simbolo dell\u2019oggetto, \u00e8 l\u2019elemento chiave che permette alla nostra memoria collettiva di attivarsi, mentre il marmo nella sua solidit\u00e0 imprime concretezza alle forme, in un perfetto equilibrio tra ispirazione e materia.<\/p>","protected":false},"excerpt":{"rendered":"<p>Omaggio al cuc\u00f9, l\u2019orologio pi\u00f9 iconico che sia stato ideato. Cuc\u00f9 \u00e8 un orologio a cuc\u00f9 ridotto ai minimi termini: la silhouette dell\u2019uccellino traforata nel marmo, simbolo dell\u2019oggetto, \u00e8 l\u2019elemento chiave che permette alla nostra memoria collettiva di attivarsi, mentre il marmo nella sua solidit\u00e0 imprime concretezza alle forme, in un perfetto equilibrio tra ispirazione e materia.<\/p>","protected":false},"featured_media":2703,"comment_status":"open","ping_status":"closed","template":"","meta":{"_acf_changed":false},"product_brand":[],"product_cat":[45],"product_tag":[],"class_list":{"0":"post-2531","1":"product","2":"type-product","3":"status-publish","4":"has-post-thumbnail","6":"product_cat-design-collection","8":"first","9":"instock","10":"shipping-taxable","11":"product-type-simple"},"acf":[],"yoast_head":"<!-- This site is optimized with the Yoast SEO plugin v27.4 - https:\/\/yoast.com\/product\/yoast-seo-wordpress\/ -->\n<title>Cuc\u00f9 - Romagno Marmi<\/title>\n<meta name=\"robots\" content=\"index, follow, max-snippet:-1, max-image-preview:large, max-video-preview:-1\" \/>\n<link rel=\"canonical\" href=\"https:\/\/romagnomarmi.com\/en\/product\/cucu\/\" \/>\n<meta property=\"og:locale\" content=\"en_GB\" \/>\n<meta property=\"og:type\" content=\"article\" \/>\n<meta property=\"og:title\" content=\"Cuc\u00f9 - Romagno Marmi\" \/>\n<meta property=\"og:description\" content=\"Omaggio al cuc\u00f9, l\u2019orologio pi\u00f9 iconico che sia stato ideato. Cuc\u00f9 \u00e8 un orologio a cuc\u00f9 ridotto ai minimi termini: la silhouette dell\u2019uccellino traforata nel marmo, simbolo dell\u2019oggetto, \u00e8 l\u2019elemento chiave che permette alla nostra memoria collettiva di attivarsi, mentre il marmo nella sua solidit\u00e0 imprime concretezza alle forme, in un perfetto equilibrio tra ispirazione e materia.\" \/>\n<meta property=\"og:url\" content=\"https:\/\/romagnomarmi.com\/en\/product\/cucu\/\" \/>\n<meta property=\"og:site_name\" content=\"Romagno Marmi\" \/>\n<meta property=\"article:publisher\" content=\"https:\/\/www.facebook.com\/romagnomarmi\" \/>\n<meta property=\"article:modified_time\" content=\"2025-04-03T10:32:51+00:00\" \/>\n<meta property=\"og:image\" content=\"https:\/\/romagnomarmi.com\/wp-content\/uploads\/2024\/04\/Cucu-1024x768.png\" \/>\n\t<meta property=\"og:image:width\" content=\"1024\" \/>\n\t<meta property=\"og:image:height\" content=\"768\" \/>\n\t<meta property=\"og:image:type\" content=\"image\/png\" \/>\n<meta name=\"twitter:card\" content=\"summary_large_image\" \/>\n<meta name=\"twitter:label1\" content=\"Estimated reading time\" \/>\n\t<meta name=\"twitter:data1\" content=\"1 minute\" \/>\n<script type=\"application\/ld+json\" class=\"yoast-schema-graph\">{\"@context\":\"https:\\\/\\\/schema.org\",\"@graph\":[{\"@type\":\"WebPage\",\"@id\":\"https:\\\/\\\/romagnomarmi.com\\\/prodotto\\\/cucu\\\/\",\"url\":\"https:\\\/\\\/romagnomarmi.com\\\/prodotto\\\/cucu\\\/\",\"name\":\"Cuc\u00f9 - Romagno Marmi\",\"isPartOf\":{\"@id\":\"https:\\\/\\\/romagnomarmi.com\\\/#website\"},\"primaryImageOfPage\":{\"@id\":\"https:\\\/\\\/romagnomarmi.com\\\/prodotto\\\/cucu\\\/#primaryimage\"},\"image\":{\"@id\":\"https:\\\/\\\/romagnomarmi.com\\\/prodotto\\\/cucu\\\/#primaryimage\"},\"thumbnailUrl\":\"https:\\\/\\\/romagnomarmi.com\\\/wp-content\\\/uploads\\\/2024\\\/04\\\/Cucu.png\",\"datePublished\":\"2024-04-09T13:39:27+00:00\",\"dateModified\":\"2025-04-03T10:32:51+00:00\",\"breadcrumb\":{\"@id\":\"https:\\\/\\\/romagnomarmi.com\\\/prodotto\\\/cucu\\\/#breadcrumb\"},\"inLanguage\":\"en-GB\",\"potentialAction\":[{\"@type\":\"ReadAction\",\"target\":[\"https:\\\/\\\/romagnomarmi.com\\\/prodotto\\\/cucu\\\/\"]}]},{\"@type\":\"ImageObject\",\"inLanguage\":\"en-GB\",\"@id\":\"https:\\\/\\\/romagnomarmi.com\\\/prodotto\\\/cucu\\\/#primaryimage\",\"url\":\"https:\\\/\\\/romagnomarmi.com\\\/wp-content\\\/uploads\\\/2024\\\/04\\\/Cucu.png\",\"contentUrl\":\"https:\\\/\\\/romagnomarmi.com\\\/wp-content\\\/uploads\\\/2024\\\/04\\\/Cucu.png\",\"width\":2200,\"height\":1650},{\"@type\":\"BreadcrumbList\",\"@id\":\"https:\\\/\\\/romagnomarmi.com\\\/prodotto\\\/cucu\\\/#breadcrumb\",\"itemListElement\":[{\"@type\":\"ListItem\",\"position\":1,\"name\":\"Home\",\"item\":\"https:\\\/\\\/romagnomarmi.com\\\/\"},{\"@type\":\"ListItem\",\"position\":2,\"name\":\"Products\",\"item\":\"https:\\\/\\\/romagnomarmi.com\\\/en\\\/shop\\\/\"},{\"@type\":\"ListItem\",\"position\":3,\"name\":\"Cuc\u00f9\"}]},{\"@type\":\"WebSite\",\"@id\":\"https:\\\/\\\/romagnomarmi.com\\\/#website\",\"url\":\"https:\\\/\\\/romagnomarmi.com\\\/\",\"name\":\"Romagno Marmi\",\"description\":\"Leader nella produzione di arredi in marmo\",\"publisher\":{\"@id\":\"https:\\\/\\\/romagnomarmi.com\\\/#organization\"},\"potentialAction\":[{\"@type\":\"SearchAction\",\"target\":{\"@type\":\"EntryPoint\",\"urlTemplate\":\"https:\\\/\\\/romagnomarmi.com\\\/?s={search_term_string}\"},\"query-input\":{\"@type\":\"PropertyValueSpecification\",\"valueRequired\":true,\"valueName\":\"search_term_string\"}}],\"inLanguage\":\"en-GB\"},{\"@type\":\"Organization\",\"@id\":\"https:\\\/\\\/romagnomarmi.com\\\/#organization\",\"name\":\"Romagno Marmi\",\"url\":\"https:\\\/\\\/romagnomarmi.com\\\/\",\"logo\":{\"@type\":\"ImageObject\",\"inLanguage\":\"en-GB\",\"@id\":\"https:\\\/\\\/romagnomarmi.com\\\/#\\\/schema\\\/logo\\\/image\\\/\",\"url\":\"https:\\\/\\\/romagnomarmi.com\\\/wp-content\\\/uploads\\\/2023\\\/03\\\/cropped-romagno-LOGO.png\",\"contentUrl\":\"https:\\\/\\\/romagnomarmi.com\\\/wp-content\\\/uploads\\\/2023\\\/03\\\/cropped-romagno-LOGO.png\",\"width\":1552,\"height\":340,\"caption\":\"Romagno Marmi\"},\"image\":{\"@id\":\"https:\\\/\\\/romagnomarmi.com\\\/#\\\/schema\\\/logo\\\/image\\\/\"},\"sameAs\":[\"https:\\\/\\\/www.facebook.com\\\/romagnomarmi\",\"https:\\\/\\\/www.instagram.com\\\/romagnomarmi\\\/\"]}]}<\/script>\n<!-- \/ Yoast SEO plugin. -->","yoast_head_json":{"title":"Cuc\u00f9 - Romagno Marmi","robots":{"index":"index","follow":"follow","max-snippet":"max-snippet:-1","max-image-preview":"max-image-preview:large","max-video-preview":"max-video-preview:-1"},"canonical":"https:\/\/romagnomarmi.com\/en\/product\/cucu\/","og_locale":"en_GB","og_type":"article","og_title":"Cuc\u00f9 - Romagno Marmi","og_description":"Omaggio al cuc\u00f9, l\u2019orologio pi\u00f9 iconico che sia stato ideato. Cuc\u00f9 \u00e8 un orologio a cuc\u00f9 ridotto ai minimi termini: la silhouette dell\u2019uccellino traforata nel marmo, simbolo dell\u2019oggetto, \u00e8 l\u2019elemento chiave che permette alla nostra memoria collettiva di attivarsi, mentre il marmo nella sua solidit\u00e0 imprime concretezza alle forme, in un perfetto equilibrio tra ispirazione e materia.","og_url":"https:\/\/romagnomarmi.com\/en\/product\/cucu\/","og_site_name":"Romagno Marmi","article_publisher":"https:\/\/www.facebook.com\/romagnomarmi","article_modified_time":"2025-04-03T10:32:51+00:00","og_image":[{"width":1024,"height":768,"url":"https:\/\/romagnomarmi.com\/wp-content\/uploads\/2024\/04\/Cucu-1024x768.png","type":"image\/png"}],"twitter_card":"summary_large_image","twitter_misc":{"Estimated reading time":"1 minute"},"schema":{"@context":"https:\/\/schema.org","@graph":[{"@type":"WebPage","@id":"https:\/\/romagnomarmi.com\/prodotto\/cucu\/","url":"https:\/\/romagnomarmi.com\/prodotto\/cucu\/","name":"Cuc\u00f9 - Romagno Marmi","isPartOf":{"@id":"https:\/\/romagnomarmi.com\/#website"},"primaryImageOfPage":{"@id":"https:\/\/romagnomarmi.com\/prodotto\/cucu\/#primaryimage"},"image":{"@id":"https:\/\/romagnomarmi.com\/prodotto\/cucu\/#primaryimage"},"thumbnailUrl":"https:\/\/romagnomarmi.com\/wp-content\/uploads\/2024\/04\/Cucu.png","datePublished":"2024-04-09T13:39:27+00:00","dateModified":"2025-04-03T10:32:51+00:00","breadcrumb":{"@id":"https:\/\/romagnomarmi.com\/prodotto\/cucu\/#breadcrumb"},"inLanguage":"en-GB","potentialAction":[{"@type":"ReadAction","target":["https:\/\/romagnomarmi.com\/prodotto\/cucu\/"]}]},{"@type":"ImageObject","inLanguage":"en-GB","@id":"https:\/\/romagnomarmi.com\/prodotto\/cucu\/#primaryimage","url":"https:\/\/romagnomarmi.com\/wp-content\/uploads\/2024\/04\/Cucu.png","contentUrl":"https:\/\/romagnomarmi.com\/wp-content\/uploads\/2024\/04\/Cucu.png","width":2200,"height":1650},{"@type":"BreadcrumbList","@id":"https:\/\/romagnomarmi.com\/prodotto\/cucu\/#breadcrumb","itemListElement":[{"@type":"ListItem","position":1,"name":"Home","item":"https:\/\/romagnomarmi.com\/"},{"@type":"ListItem","position":2,"name":"Products","item":"https:\/\/romagnomarmi.com\/en\/shop\/"},{"@type":"ListItem","position":3,"name":"Cuc\u00f9"}]},{"@type":"WebSite","@id":"https:\/\/romagnomarmi.com\/#website","url":"https:\/\/romagnomarmi.com\/","name":"Romagno Marmi","description":"Leader nella produzione di arredi in marmo","publisher":{"@id":"https:\/\/romagnomarmi.com\/#organization"},"potentialAction":[{"@type":"SearchAction","target":{"@type":"EntryPoint","urlTemplate":"https:\/\/romagnomarmi.com\/?s={search_term_string}"},"query-input":{"@type":"PropertyValueSpecification","valueRequired":true,"valueName":"search_term_string"}}],"inLanguage":"en-GB"},{"@type":"Organization","@id":"https:\/\/romagnomarmi.com\/#organization","name":"Romagno Marmi","url":"https:\/\/romagnomarmi.com\/","logo":{"@type":"ImageObject","inLanguage":"en-GB","@id":"https:\/\/romagnomarmi.com\/#\/schema\/logo\/image\/","url":"https:\/\/romagnomarmi.com\/wp-content\/uploads\/2023\/03\/cropped-romagno-LOGO.png","contentUrl":"https:\/\/romagnomarmi.com\/wp-content\/uploads\/2023\/03\/cropped-romagno-LOGO.png","width":1552,"height":340,"caption":"Romagno Marmi"},"image":{"@id":"https:\/\/romagnomarmi.com\/#\/schema\/logo\/image\/"},"sameAs":["https:\/\/www.facebook.com\/romagnomarmi","https:\/\/www.instagram.com\/romagnomarmi\/"]}]}},"_links":{"self":[{"href":"https:\/\/romagnomarmi.com\/en\/wp-json\/wp\/v2\/product\/2531","targetHints":{"allow":["GET"]}}],"collection":[{"href":"https:\/\/romagnomarmi.com\/en\/wp-json\/wp\/v2\/product"}],"about":[{"href":"https:\/\/romagnomarmi.com\/en\/wp-json\/wp\/v2\/types\/product"}],"replies":[{"embeddable":true,"href":"https:\/\/romagnomarmi.com\/en\/wp-json\/wp\/v2\/comments?post=2531"}],"wp:featuredmedia":[{"embeddable":true,"href":"https:\/\/romagnomarmi.com\/en\/wp-json\/wp\/v2\/media\/2703"}],"wp:attachment":[{"href":"https:\/\/romagnomarmi.com\/en\/wp-json\/wp\/v2\/media?parent=2531"}],"wp:term":[{"taxonomy":"product_brand","embeddable":true,"href":"https:\/\/romagnomarmi.com\/en\/wp-json\/wp\/v2\/product_brand?post=2531"},{"taxonomy":"product_cat","embeddable":true,"href":"https:\/\/romagnomarmi.com\/en\/wp-json\/wp\/v2\/product_cat?post=2531"},{"taxonomy":"product_tag","embeddable":true,"href":"https:\/\/romagnomarmi.com\/en\/wp-json\/wp\/v2\/product_tag?post=2531"}],"curies":[{"name":"wp","href":"https:\/\/api.w.org\/{rel}","templated":true}]}}